{"id":37,"date":"2024-07-08T11:11:09","date_gmt":"2024-07-08T11:11:09","guid":{"rendered":"https:\/\/lolitameski.com\/?page_id=37"},"modified":"2025-02-23T16:09:03","modified_gmt":"2025-02-23T16:09:03","slug":"about","status":"publish","type":"page","link":"https:\/\/lolitameski.com\/index.php\/about\/","title":{"rendered":"About"},"content":{"rendered":"<h1>LOLITA<br \/>\nMESKI<\/h1>\n<p><img decoding=\"async\" src=\"https:\/\/lolitameski.com\/wp-content\/uploads\/2025\/01\/panneau-lolita-meski.jpg\" alt=\"\" \/><br \/>\n<img decoding=\"async\" src=\"https:\/\/lolitameski.com\/wp-content\/uploads\/2025\/01\/LOLITA-MESKI-collection-PARIS.jpg\" alt=\"LOLITA-MESKI-collection\" \/><br \/>\n<img decoding=\"async\" src=\"https:\/\/lolitameski.com\/wp-content\/uploads\/2025\/01\/logo-lolita-transparent-400.png\" alt=\"\" \/><\/p>\n<h4>L&rsquo;exigence et la recherche DE LA BEAUT\u00c9 SOUS TOUTES SES FORMES.   <\/h4>\n<p>Dans le monde de la mode, Lolita Meski est reconnue pour sa capacit\u00e9 \u00e0 r\u00e9inventer l&rsquo;\u00e9l\u00e9gance intemporelle tout en osant les audaces stylistiques. Ses cr\u00e9ations marient des \u00e9l\u00e9ments classiques et modernes, offrant une esth\u00e9tique raffin\u00e9e et audacieuse qui fait \u00e9cho \u00e0 sa personnalit\u00e9 artistique.Lolita Meski est une artiste parisienne aux talents multiples, alliant musique, mode et joaillerie avec une vision unique et avant-gardiste. Form\u00e9e comme violoniste, elle a su canaliser sa passion pour la musique dans d\u2019autres domaines cr\u00e9atifs, en particulier dans la mode et la joaillerie, o\u00f9 elle fusionne tradition et innovation avec une rare subtilit\u00e9.<br \/>\n\u00a0Son travail en joaillerie, quant \u00e0 lui, t\u00e9moigne d&rsquo;un savoir-faire artisanal d&rsquo;exception, o\u00f9 chaque pi\u00e8ce devient une v\u00e9ritable \u0153uvre d\u2019art. Elle met en valeur des designs puissants tout en pr\u00e9servant la d\u00e9licatesse du geste cr\u00e9atif. Chaque bijou qu&rsquo;elle con\u00e7oit raconte une histoire, alliant technique et po\u00e9sie, pour une beaut\u00e9 intemporelle et moderne \u00e0 la fois.<br \/>\nLolita Meski est un exemple de la fa\u00e7on dont une artiste peut transcender plusieurs disciplines, int\u00e9grant dans ses cr\u00e9ations la passion, l&rsquo;exigence et la recherche de la beaut\u00e9 sous toutes ses formes. Dans l\u2019univers parisien, capitale de l\u2019art et de l\u2019\u00e9l\u00e9gance, elle s&rsquo;impose comme une figure audacieuse et incontournable de la sc\u00e8ne cr\u00e9ative contemporaine.<\/p>\n<h5>D\u00e9fil\u00e9 LOLITA MESKI H\u00f4tel RITZ<\/h5>\n<p>Janvier 2025<br \/>\n<a href=\"https:\/\/lolitameski.com\/wp-content\/uploads\/2025\/02\/collection-lolita-meski.jpg#211\" title=\"\"><img decoding=\"async\" src=\"https:\/\/lolitameski.com\/wp-content\/uploads\/2025\/02\/collection-lolita-meski.jpg\" alt=\"lolita Meski d\u00e9fil\u00e9 ritz\" \/><\/a><a href=\"https:\/\/lolitameski.com\/wp-content\/uploads\/2025\/02\/collection-lolita-meski.jpg#211\" title=\"\">.path{fill:none;stroke:#333;stroke-miterlimit:10;stroke-width:1.5px;}<\/a><br \/>\n<a href=\"https:\/\/lolitameski.com\/wp-content\/uploads\/2025\/02\/lolita-meski-paris.jpg#222\" title=\"\"><img decoding=\"async\" src=\"https:\/\/lolitameski.com\/wp-content\/uploads\/2025\/02\/lolita-meski-paris.jpg\" alt=\"d\u00e9fil\u00e9 lolita meski\" \/><\/a><a href=\"https:\/\/lolitameski.com\/wp-content\/uploads\/2025\/02\/lolita-meski-paris.jpg#222\" title=\"\">.path{fill:none;stroke:#333;stroke-miterlimit:10;stroke-width:1.5px;}<\/a><br \/>\n<a href=\"https:\/\/lolitameski.com\/wp-content\/uploads\/2025\/02\/lolita-meski-defile-ritz-3.jpg#221\" title=\"\"><img decoding=\"async\" src=\"https:\/\/lolitameski.com\/wp-content\/uploads\/2025\/02\/lolita-meski-defile-ritz-3.jpg\" alt=\"d\u00e9fil\u00e9 lolita meski\" \/><\/a><a href=\"https:\/\/lolitameski.com\/wp-content\/uploads\/2025\/02\/lolita-meski-defile-ritz-3.jpg#221\" title=\"\">.path{fill:none;stroke:#333;stroke-miterlimit:10;stroke-width:1.5px;}<\/a><br \/>\n<img decoding=\"async\" src=\"https:\/\/lolitameski.com\/wp-content\/uploads\/2025\/02\/lolita-meski-defile-ritz.jpg\" alt=\"d\u00e9fil\u00e9 lolita meski\" \/><br \/>\n<img decoding=\"async\" src=\"https:\/\/lolitameski.com\/wp-content\/uploads\/2025\/02\/defile-lolita-meski-ritz.jpg\" alt=\"d\u00e9fil\u00e9 lolita meski\" \/><br \/>\n<img decoding=\"async\" src=\"https:\/\/lolitameski.com\/wp-content\/uploads\/2025\/02\/defile-lolita-meski-paris.jpg\" alt=\"d\u00e9fil\u00e9 lolita meski\" \/><br \/>\n<img decoding=\"async\" src=\"https:\/\/lolitameski.com\/wp-content\/uploads\/2025\/02\/defile-lolita-meski-janvier-2025.jpg\" alt=\"d\u00e9fil\u00e9 lolita meski\" \/><br \/>\n<img decoding=\"async\" src=\"https:\/\/lolitameski.com\/wp-content\/uploads\/2025\/02\/defile-lolita-meski-janvier-2025.jpg\" alt=\"d\u00e9fil\u00e9 lolita meski\" \/><br \/>\n<img decoding=\"async\" src=\"https:\/\/lolitameski.com\/wp-content\/uploads\/2025\/02\/defile-lolita-meski.jpg\" alt=\"d\u00e9fil\u00e9 lolita meski\" \/><br \/>\n<img decoding=\"async\" src=\"https:\/\/lolitameski.com\/wp-content\/uploads\/2025\/02\/defile-lolita-meski-collection.jpg\" alt=\"d\u00e9fil\u00e9 lolita meski\" \/><br \/>\n<img decoding=\"async\" src=\"https:\/\/lolitameski.com\/wp-content\/uploads\/2025\/02\/defile-lolita-meski-3.jpg\" alt=\"d\u00e9fil\u00e9 lolita meski\" \/><br \/>\n<img decoding=\"async\" src=\"https:\/\/lolitameski.com\/wp-content\/uploads\/2025\/02\/defile-lolita-meski.jpg\" alt=\"d\u00e9fil\u00e9 lolita meski\" \/><br \/>\n&nbsp;<a href=\"https:\/\/lolitameski.com\/wp-content\/uploads\/2025\/02\/defile-lolita-meski-hotel-Ritz-paris-2025.jpg#215\" title=\"\"><img decoding=\"async\" src=\"https:\/\/lolitameski.com\/wp-content\/uploads\/2025\/02\/defile-lolita-meski-hotel-Ritz-paris-2025.jpg\" alt=\"d\u00e9fil\u00e9 lolita meski\" \/><\/a><a href=\"https:\/\/lolitameski.com\/wp-content\/uploads\/2025\/02\/defile-lolita-meski-hotel-Ritz-paris-2025.jpg#215\" title=\"\">.path{fill:none;stroke:#333;stroke-miterlimit:10;stroke-width:1.5px;}<\/a><br \/>\n<img decoding=\"async\" src=\"https:\/\/lolitameski.com\/wp-content\/uploads\/2025\/02\/show-lolita-meski.jpg#224\" alt=\"parallax background\" \/><\/p>\n<h1><a href=\"https:\/\/www.dailymotion.com\/video\/xffinm\" title=\"\">SHOW VIDEO<\/a><\/h1>\n<p><a href=\"https:\/\/dai.ly\/xffinm\" title=\" \"><\/p>\n<h1>2010<\/h1>\n<p><\/a><\/p>\n","protected":false},"excerpt":{"rendered":"<p>LOLITA MESKI L&rsquo;exigence et la recherche DE LA BEAUT\u00c9 SOUS TOUTES SES FORMES. Dans le monde de la mode, Lolita Meski est reconnue pour sa capacit\u00e9<span class=\"excerpt-hellip\"> [\u2026]<\/span><\/p>\n","protected":false},"author":1,"featured_media":0,"parent":0,"menu_order":0,"comment_status":"open","ping_status":"closed","template":"","meta":{"footnotes":""},"class_list":["post-37","page","type-page","status-publish","hentry"],"yoast_head":"<!-- This site is optimized with the Yoast SEO Premium plugin v21.9 (Yoast SEO v21.9.1) - https:\/\/yoast.com\/wordpress\/plugins\/seo\/ -->\n<title>About - Lolita MESKI<\/title>\n<meta name=\"description\" content=\"Lolita Meski a pr\u00e9sent\u00e9 sa collection 2025 lors d\u2019un d\u00e9fil\u00e9 \u00e0 l\u2019h\u00f4tel RITZ, elle r\u00e9invente l&#039;\u00e9l\u00e9gance intemporelle\" \/>\n<meta name=\"robots\" content=\"index, follow, max-snippet:-1, max-image-preview:large, max-video-preview:-1\" \/>\n<link rel=\"canonical\" href=\"https:\/\/lolitameski.com\/index.php\/about\/\" \/>\n<meta property=\"og:locale\" content=\"fr_FR\" \/>\n<meta property=\"og:type\" content=\"article\" \/>\n<meta property=\"og:title\" content=\"About\" \/>\n<meta property=\"og:description\" content=\"Lolita Meski a pr\u00e9sent\u00e9 sa collection 2025 lors d\u2019un d\u00e9fil\u00e9 \u00e0 l\u2019h\u00f4tel RITZ, elle r\u00e9invente l&#039;\u00e9l\u00e9gance intemporelle\" \/>\n<meta property=\"og:url\" content=\"https:\/\/lolitameski.com\/index.php\/about\/\" \/>\n<meta property=\"og:site_name\" content=\"Lolita MESKI\" \/>\n<meta property=\"article:publisher\" content=\"https:\/\/www.facebook.com\/lola.meski\/?locale=fr_FR\" \/>\n<meta property=\"article:modified_time\" content=\"2025-02-23T16:09:03+00:00\" \/>\n<meta property=\"og:image\" content=\"https:\/\/lolitameski.com\/wp-content\/uploads\/2025\/02\/defile-lolita-meski-hotel-Ritz-paris-2025.jpg\" \/>\n\t<meta property=\"og:image:width\" content=\"800\" \/>\n\t<meta property=\"og:image:height\" content=\"1200\" \/>\n\t<meta property=\"og:image:type\" content=\"image\/jpeg\" \/>\n<meta name=\"twitter:card\" content=\"summary_large_image\" \/>\n<meta name=\"twitter:label1\" content=\"Est. reading time\" \/>\n\t<meta name=\"twitter:data1\" content=\"5 minutes\" \/>\n<script type=\"application\/ld+json\" class=\"yoast-schema-graph\">{\"@context\":\"https:\/\/schema.org\",\"@graph\":[{\"@type\":\"WebPage\",\"@id\":\"https:\/\/lolitameski.com\/index.php\/about\/\",\"url\":\"https:\/\/lolitameski.com\/index.php\/about\/\",\"name\":\"About - Lolita MESKI\",\"isPartOf\":{\"@id\":\"https:\/\/lolitameski.com\/#website\"},\"datePublished\":\"2024-07-08T11:11:09+00:00\",\"dateModified\":\"2025-02-23T16:09:03+00:00\",\"description\":\"Lolita Meski a pr\u00e9sent\u00e9 sa collection 2025 lors d\u2019un d\u00e9fil\u00e9 \u00e0 l\u2019h\u00f4tel RITZ, elle r\u00e9invente l'\u00e9l\u00e9gance intemporelle\",\"breadcrumb\":{\"@id\":\"https:\/\/lolitameski.com\/index.php\/about\/#breadcrumb\"},\"inLanguage\":\"fr-FR\",\"potentialAction\":[{\"@type\":\"ReadAction\",\"target\":[\"https:\/\/lolitameski.com\/index.php\/about\/\"]}]},{\"@type\":\"BreadcrumbList\",\"@id\":\"https:\/\/lolitameski.com\/index.php\/about\/#breadcrumb\",\"itemListElement\":[{\"@type\":\"ListItem\",\"position\":1,\"name\":\"Home\",\"item\":\"https:\/\/lolitameski.com\/\"},{\"@type\":\"ListItem\",\"position\":2,\"name\":\"About\"}]},{\"@type\":\"WebSite\",\"@id\":\"https:\/\/lolitameski.com\/#website\",\"url\":\"https:\/\/lolitameski.com\/\",\"name\":\"Lolita MESKI\",\"description\":\"Cr\u00e9ation Exclusive de Joaillerie\",\"publisher\":{\"@id\":\"https:\/\/lolitameski.com\/#organization\"},\"potentialAction\":[{\"@type\":\"SearchAction\",\"target\":{\"@type\":\"EntryPoint\",\"urlTemplate\":\"https:\/\/lolitameski.com\/?s={search_term_string}\"},\"query-input\":\"required name=search_term_string\"}],\"inLanguage\":\"fr-FR\"},{\"@type\":\"Organization\",\"@id\":\"https:\/\/lolitameski.com\/#organization\",\"name\":\"Lolita MESKI\",\"url\":\"https:\/\/lolitameski.com\/\",\"logo\":{\"@type\":\"ImageObject\",\"inLanguage\":\"fr-FR\",\"@id\":\"https:\/\/lolitameski.com\/#\/schema\/logo\/image\/\",\"url\":\"https:\/\/lolitameski.com\/wp-content\/uploads\/2025\/01\/logo-lolita-meski-214.png\",\"contentUrl\":\"https:\/\/lolitameski.com\/wp-content\/uploads\/2025\/01\/logo-lolita-meski-214.png\",\"width\":214,\"height\":86,\"caption\":\"Lolita MESKI\"},\"image\":{\"@id\":\"https:\/\/lolitameski.com\/#\/schema\/logo\/image\/\"},\"sameAs\":[\"https:\/\/www.facebook.com\/lola.meski\/?locale=fr_FR\",\"https:\/\/www.instagram.com\/lolameski\/?hl=fr\"]}]}<\/script>\n<!-- \/ Yoast SEO Premium plugin. -->","yoast_head_json":{"title":"About - Lolita MESKI","description":"Lolita Meski a pr\u00e9sent\u00e9 sa collection 2025 lors d\u2019un d\u00e9fil\u00e9 \u00e0 l\u2019h\u00f4tel RITZ, elle r\u00e9invente l'\u00e9l\u00e9gance intemporelle","robots":{"index":"index","follow":"follow","max-snippet":"max-snippet:-1","max-image-preview":"max-image-preview:large","max-video-preview":"max-video-preview:-1"},"canonical":"https:\/\/lolitameski.com\/index.php\/about\/","og_locale":"fr_FR","og_type":"article","og_title":"About","og_description":"Lolita Meski a pr\u00e9sent\u00e9 sa collection 2025 lors d\u2019un d\u00e9fil\u00e9 \u00e0 l\u2019h\u00f4tel RITZ, elle r\u00e9invente l'\u00e9l\u00e9gance intemporelle","og_url":"https:\/\/lolitameski.com\/index.php\/about\/","og_site_name":"Lolita MESKI","article_publisher":"https:\/\/www.facebook.com\/lola.meski\/?locale=fr_FR","article_modified_time":"2025-02-23T16:09:03+00:00","og_image":[{"width":800,"height":1200,"url":"https:\/\/lolitameski.com\/wp-content\/uploads\/2025\/02\/defile-lolita-meski-hotel-Ritz-paris-2025.jpg","type":"image\/jpeg"}],"twitter_card":"summary_large_image","twitter_misc":{"Est. reading time":"5 minutes"},"schema":{"@context":"https:\/\/schema.org","@graph":[{"@type":"WebPage","@id":"https:\/\/lolitameski.com\/index.php\/about\/","url":"https:\/\/lolitameski.com\/index.php\/about\/","name":"About - Lolita MESKI","isPartOf":{"@id":"https:\/\/lolitameski.com\/#website"},"datePublished":"2024-07-08T11:11:09+00:00","dateModified":"2025-02-23T16:09:03+00:00","description":"Lolita Meski a pr\u00e9sent\u00e9 sa collection 2025 lors d\u2019un d\u00e9fil\u00e9 \u00e0 l\u2019h\u00f4tel RITZ, elle r\u00e9invente l'\u00e9l\u00e9gance intemporelle","breadcrumb":{"@id":"https:\/\/lolitameski.com\/index.php\/about\/#breadcrumb"},"inLanguage":"fr-FR","potentialAction":[{"@type":"ReadAction","target":["https:\/\/lolitameski.com\/index.php\/about\/"]}]},{"@type":"BreadcrumbList","@id":"https:\/\/lolitameski.com\/index.php\/about\/#breadcrumb","itemListElement":[{"@type":"ListItem","position":1,"name":"Home","item":"https:\/\/lolitameski.com\/"},{"@type":"ListItem","position":2,"name":"About"}]},{"@type":"WebSite","@id":"https:\/\/lolitameski.com\/#website","url":"https:\/\/lolitameski.com\/","name":"Lolita MESKI","description":"Cr\u00e9ation Exclusive de Joaillerie","publisher":{"@id":"https:\/\/lolitameski.com\/#organization"},"potentialAction":[{"@type":"SearchAction","target":{"@type":"EntryPoint","urlTemplate":"https:\/\/lolitameski.com\/?s={search_term_string}"},"query-input":"required name=search_term_string"}],"inLanguage":"fr-FR"},{"@type":"Organization","@id":"https:\/\/lolitameski.com\/#organization","name":"Lolita MESKI","url":"https:\/\/lolitameski.com\/","logo":{"@type":"ImageObject","inLanguage":"fr-FR","@id":"https:\/\/lolitameski.com\/#\/schema\/logo\/image\/","url":"https:\/\/lolitameski.com\/wp-content\/uploads\/2025\/01\/logo-lolita-meski-214.png","contentUrl":"https:\/\/lolitameski.com\/wp-content\/uploads\/2025\/01\/logo-lolita-meski-214.png","width":214,"height":86,"caption":"Lolita MESKI"},"image":{"@id":"https:\/\/lolitameski.com\/#\/schema\/logo\/image\/"},"sameAs":["https:\/\/www.facebook.com\/lola.meski\/?locale=fr_FR","https:\/\/www.instagram.com\/lolameski\/?hl=fr"]}]}},"_links":{"self":[{"href":"https:\/\/lolitameski.com\/index.php\/wp-json\/wp\/v2\/pages\/37","targetHints":{"allow":["GET"]}}],"collection":[{"href":"https:\/\/lolitameski.com\/index.php\/wp-json\/wp\/v2\/pages"}],"about":[{"href":"https:\/\/lolitameski.com\/index.php\/wp-json\/wp\/v2\/types\/page"}],"author":[{"embeddable":true,"href":"https:\/\/lolitameski.com\/index.php\/wp-json\/wp\/v2\/users\/1"}],"replies":[{"embeddable":true,"href":"https:\/\/lolitameski.com\/index.php\/wp-json\/wp\/v2\/comments?post=37"}],"version-history":[{"count":3,"href":"https:\/\/lolitameski.com\/index.php\/wp-json\/wp\/v2\/pages\/37\/revisions"}],"predecessor-version":[{"id":227,"href":"https:\/\/lolitameski.com\/index.php\/wp-json\/wp\/v2\/pages\/37\/revisions\/227"}],"wp:attachment":[{"href":"https:\/\/lolitameski.com\/index.php\/wp-json\/wp\/v2\/media?parent=37"}],"curies":[{"name":"wp","href":"https:\/\/api.w.org\/{rel}","templated":true}]}}