{"id":182,"date":"2024-07-03T11:44:27","date_gmt":"2024-07-03T11:44:27","guid":{"rendered":"https:\/\/lolitameski.com\/?page_id=2"},"modified":"2026-01-28T11:02:07","modified_gmt":"2026-01-28T11:02:07","slug":"home","status":"publish","type":"page","link":"https:\/\/lolitameski.com\/","title":{"rendered":"Home"},"content":{"rendered":"<p>var lottie_contmfn_lottie_680_123 = document.getElementById(\u00ab\u00a0mfn_lottie_680_123\u00a0\u00bb);<br \/>\nvar triggermfn_lottie_680_123 = \u00ab\u00a0default\u00a0\u00bb;<br \/>\nvar directionmfn_lottie_680_123 = -1;<br \/>\nvar totalmfn_lottie_680_123frames;<br \/>\nvar startmfn_lottie_680_123frame;<br \/>\nvar scroll_startedmfn_lottie_680_123 = false;<br \/>\nvar framesmfn_lottie_680_123;<br \/>\nvar framesmfn_lottie_680_123_reverse;<br \/>\nvar mfn_lottie_680_123 = bodymovin.loadAnimation({<br \/>\ncontainer: lottie_contmfn_lottie_680_123,<br \/>\nrenderer: &lsquo;svg&rsquo;,<br \/>\nautoplay: false,<br \/>\nloop: true,<br \/>\npath: \u00ab\u00a0https:\/\/lolitameski.com\/wp-content\/uploads\/2024\/07\/photography4-lottie.json#41\u00a0\u00bb<br \/>\n});mfn_lottie_680_123.setSpeed(1);mfn_lottie_680_123.setDirection(-1);mfn_lottie_680_123.addEventListener(\u00ab\u00a0DOMLoaded\u00a0\u00bb, function() {<br \/>\ntotalmfn_lottie_680_123frames = Math.floor( (100*mfn_lottie_680_123.animationData.op)\/100 );<br \/>\nstartmfn_lottie_680_123frame = Math.floor( (1*mfn_lottie_680_123.animationData.op)\/100 );<br \/>\nframesmfn_lottie_680_123 = [startmfn_lottie_680_123frame, totalmfn_lottie_680_123frames];<br \/>\nframesmfn_lottie_680_123_reverse = [totalmfn_lottie_680_123frames, startmfn_lottie_680_123frame];if( triggermfn_lottie_680_123 == \u00ab\u00a0default\u00a0\u00bb ){<br \/>\nif(directionmfn_lottie_680_123 == -1) { mfn_lottie_680_123.playSegments(framesmfn_lottie_680_123_reverse, true); }else{ mfn_lottie_680_123.playSegments(framesmfn_lottie_680_123, true); }<br \/>\n}else if( triggermfn_lottie_680_123 == \u00ab\u00a0hover\u00a0\u00bb ){<br \/>\nif(directionmfn_lottie_680_123 == -1) { choosed_framesmfn_lottie_680_123 = framesmfn_lottie_680_123_reverse; }else{ choosed_framesmfn_lottie_680_123 = framesmfn_lottie_680_123; }<br \/>\nlottie_contmfn_lottie_680_123.addEventListener(\u00ab\u00a0mouseenter\u00a0\u00bb, function() { if(directionmfn_lottie_680_123 == -1) { mfn_lottie_680_123.playSegments(framesmfn_lottie_680_123_reverse, true); }else{ mfn_lottie_680_123.playSegments(framesmfn_lottie_680_123, true); } });<br \/>\n}else if( triggermfn_lottie_680_123 == \u00ab\u00a0click\u00a0\u00bb ){<br \/>\nlottie_contmfn_lottie_680_123.addEventListener(\u00ab\u00a0click\u00a0\u00bb, function() { if(directionmfn_lottie_680_123 == -1) { mfn_lottie_680_123.playSegments(framesmfn_lottie_680_123_reverse, true); }else{ mfn_lottie_680_123.playSegments(framesmfn_lottie_680_123, true); } });<br \/>\n}});<\/p>\n<h2>mes PASSIONS !<br \/>\nLE VIOLON LES BIJOUX LA MODE<\/h2>\n<p><img decoding=\"async\" src=\"https:\/\/lolitameski.com\/wp-content\/uploads\/2025\/01\/LOLITA-MESKI-collection-PARIS.jpg\" alt=\"lolita meski joaillerie\" \/><\/p>\n<h6>Lolita Meski, artiste parisienne, exprime son talent et sa cr\u00e9ativit\u00e9 \u00e0 travers de multiples formes d&rsquo;art. Violoniste de formation, cr\u00e9atrice de mode et de joaillerie, elle incarne la fusion parfaite entre musique, design, tradition et innovation. Dans l\u2019univers de la mode, elle repousse les limites de l\u2019\u00e9l\u00e9gance intemporelle tout en flirtant avec l\u2019avant-garde, offrant une esth\u00e9tique raffin\u00e9e et audacieuse.Lolita Meski, artiste parisienne, exprime son talent et sa cr\u00e9ativit\u00e9 \u00e0 travers de multiples formes d&rsquo;art. Violoniste de formation, cr\u00e9atrice de mode et de joaillerie, elle incarne la fusion parfaite entre musique, design, tradition et innovation. Dans l\u2019univers de la mode, elle repousse les limites de l\u2019\u00e9l\u00e9gance intemporelle tout en flirtant avec l\u2019avant-garde, offrant une esth\u00e9tique raffin\u00e9e et audacieuse.<\/h6>\n<p>En parall\u00e8le, Lolita se consacre \u00e0 la cr\u00e9ation de joaillerie, o\u00f9 elle imagine des pi\u00e8ces uniques, alliant un savoir-faire artisanal d\u2019exception \u00e0 une vision r\u00e9solument contemporaine. Chaque bijou qu&rsquo;elle con\u00e7oit est une \u0153uvre intemporelle, pens\u00e9e pour traverser les \u00e2ges et les tendances.<\/p>\n<p><a title=\"\" href=\"https:\/\/lolitameski.com\/index.php\/about\/\">About me<\/a><\/p>\n<p>&nbsp;<\/p>\n<h2>Mod\u00e8le original \u00ab\u00a0GIORGINA DEA\u00a0\u00bb<\/h2>\n<h4>(3 en 1 )<\/h4>\n<h4>Bague \/ Pendentif \/ Broche<\/h4>\n<h5>Base OR jaune sertie de pierres pr\u00e9cieuses et semi-pr\u00e9cieuses<\/h5>\n<p><a title=\"\" href=\"https:\/\/lolitameski.com\/wp-content\/uploads\/2025\/01\/modele-Giorgina-Dea-creation-Lolita-MESKI-paris.jpg#201\"><img decoding=\"async\" src=\"https:\/\/lolitameski.com\/wp-content\/uploads\/2025\/01\/modele-Giorgina-Dea-creation-Lolita-MESKI-paris.jpg\" alt=\"giorgina dea creation lolita meski joaillerie\" \/><\/a><a title=\"\" href=\"https:\/\/lolitameski.com\/wp-content\/uploads\/2025\/01\/modele-Giorgina-Dea-creation-Lolita-MESKI-paris.jpg#201\">.path{fill:none;stroke:#333;stroke-miterlimit:10;stroke-width:1.5px;}<\/a><br \/>\nGIORGINA DEA : R\u00e9v\u00e9lez la d\u00e9esse en vous.<br \/>\nDes talismans protecteurs d\u00e9di\u00e9s \u00e0 la d\u00e9esse int\u00e9rieure de chaque femme. D\u00e9couvrez la cr\u00e9ation exclusive de joaillerie de Lolita Meski.<br \/>\nLa collection Flowers, con\u00e7ue sur mesure, propose des pi\u00e8ces uniques alliant \u00e9l\u00e9gance et symbolisme. Parmi elles, la Bague Talisman GIORGINA DEA 1, orn\u00e9e d&rsquo;aquamarine, p\u00e9ridot, topaze et diamants. La Fleur, symbole de la spiritualit\u00e9 f\u00e9minine, de la divinit\u00e9 et de la fertilit\u00e9, conf\u00e8re \u00e0 ce talisman une puissance sacr\u00e9e. GIORGINA DEA 1 diffuse harmonieusement la magie protectrice de son cr\u00e9ateur.<br \/>\nLa Bague Talisman GIORGINA DEA 2, r\u00e9alis\u00e9e en or, \u00e9meraude, rubis et diamants, incarne la beaut\u00e9 et l\u2019amour inconditionnel. Ce talisman est une passerelle vers le monde spirituel et divin, offrant \u00e0 son porteur un acc\u00e8s \u00e0 une dimension sup\u00e9rieure de protection et de sagesse.<br \/>\nD\u00e9couvrez la collection Flowers de Lolita Meski : des bagues talismaniques GIORGINA DEA, v\u00e9ritables amulettes de lumi\u00e8re et d\u2019\u00e9nergie.GIORGINA DEA: Unveil the goddess within you.<br \/>\nProtective talismans dedicated to the goddess inside every woman. Discover the exclusive jewelry creations by Lolita Meski.<br \/>\nThe Flowers collection, custom-made, features unique pieces blending elegance and symbolism. Among them, the GIORGINA DEA 1 Talisman Ring, set with aquamarine, peridot, topaz, and diamonds. The Flower, a symbol of feminine spirituality, divinity, and fertility, imbues this talisman with sacred power. GIORGINA DEA 1 radiates the protective magic of its creator in perfect harmony.<br \/>\nThe GIORGINA DEA 2 Talisman Ring, crafted in gold, emerald, ruby, and diamonds, embodies beauty and unconditional love. This talisman serves as a gateway to the spiritual and divine realms, offering its wearer access to a higher dimension of protection and wisdom.<br \/>\nDiscover the Flowers collection by Lolita Meski: GIORGINA DEA talisman rings, true amulets of light and energy.<br \/>\n<img decoding=\"async\" src=\"https:\/\/lolitameski.com\/wp-content\/uploads\/2025\/01\/bague-lolita-meski.jpg#189\" alt=\"lolita meski joaillerie\" \/><\/p>\n<h2>GIORGINA DEA<br \/>\nUnveil the goddess<br \/>\nWITHIN YOU !<\/h2>\n<p><a title=\"\" href=\"https:\/\/lolitameski.com\/index.php\/contact\/\">Contact me<\/a><\/p>\n","protected":false},"excerpt":{"rendered":"<p>var lottie_contmfn_lottie_680_123 = document.getElementById(\u00ab\u00a0mfn_lottie_680_123\u00a0\u00bb); var triggermfn_lottie_680_123 = \u00ab\u00a0default\u00a0\u00bb; var directionmfn_lottie_680_123 = -1; var totalmfn_lottie_680_123frames; var startmfn_lottie_680_123frame; var scroll_startedmfn_lottie_680_123 = false; var framesmfn_lottie_680_123; var framesmfn_lottie_680_123_reverse; var mfn_lottie_680_123<span class=\"excerpt-hellip\"> [\u2026]<\/span><\/p>\n","protected":false},"author":1,"featured_media":0,"parent":0,"menu_order":0,"comment_status":"open","ping_status":"closed","template":"","meta":{"footnotes":""},"class_list":["post-182","page","type-page","status-publish","hentry"],"yoast_head":"<!-- This site is optimized with the Yoast SEO Premium plugin v21.9 (Yoast SEO v21.9.1) - https:\/\/yoast.com\/wordpress\/plugins\/seo\/ -->\n<title>Lolita Meski cr\u00e9e La collection de joaillerie Giorgina Dea<\/title>\n<meta name=\"description\" content=\"LOLITA MESKI pr\u00e9sente sa collection de joaillerie Flowers &quot;Giorgina Dea&quot;, ces pi\u00e8ces uniques et sur mesure allient \u00e9l\u00e9gance et symbolisme.\" \/>\n<meta name=\"robots\" content=\"index, follow, max-snippet:-1, max-image-preview:large, max-video-preview:-1\" \/>\n<link rel=\"canonical\" href=\"https:\/\/lolitameski.com\/\" \/>\n<meta property=\"og:locale\" content=\"fr_FR\" \/>\n<meta property=\"og:type\" content=\"article\" \/>\n<meta property=\"og:title\" content=\"Home\" \/>\n<meta property=\"og:description\" content=\"LOLITA MESKI pr\u00e9sente sa collection de joaillerie Flowers &quot;Giorgina Dea&quot;, ces pi\u00e8ces uniques et sur mesure allient \u00e9l\u00e9gance et symbolisme.\" \/>\n<meta property=\"og:url\" content=\"https:\/\/lolitameski.com\/\" \/>\n<meta property=\"og:site_name\" content=\"Lolita MESKI\" \/>\n<meta property=\"article:publisher\" content=\"https:\/\/www.facebook.com\/lola.meski\/?locale=fr_FR\" \/>\n<meta property=\"article:modified_time\" content=\"2026-01-28T11:02:07+00:00\" \/>\n<meta property=\"og:image\" content=\"https:\/\/lolitameski.com\/wp-content\/uploads\/2025\/01\/LOLITA-MESKI-collection-PARIS.jpg\" \/>\n<meta name=\"twitter:card\" content=\"summary_large_image\" \/>\n<meta name=\"twitter:label1\" content=\"Est. reading time\" \/>\n\t<meta name=\"twitter:data1\" content=\"4 minutes\" \/>\n<script type=\"application\/ld+json\" class=\"yoast-schema-graph\">{\"@context\":\"https:\/\/schema.org\",\"@graph\":[{\"@type\":\"WebPage\",\"@id\":\"https:\/\/lolitameski.com\/\",\"url\":\"https:\/\/lolitameski.com\/\",\"name\":\"Lolita Meski cr\u00e9e La collection de joaillerie Giorgina Dea\",\"isPartOf\":{\"@id\":\"https:\/\/lolitameski.com\/#website\"},\"datePublished\":\"2024-07-03T11:44:27+00:00\",\"dateModified\":\"2026-01-28T11:02:07+00:00\",\"description\":\"LOLITA MESKI pr\u00e9sente sa collection de joaillerie Flowers \\\"Giorgina Dea\\\", ces pi\u00e8ces uniques et sur mesure allient \u00e9l\u00e9gance et symbolisme.\",\"breadcrumb\":{\"@id\":\"https:\/\/lolitameski.com\/#breadcrumb\"},\"inLanguage\":\"fr-FR\",\"potentialAction\":[{\"@type\":\"ReadAction\",\"target\":[\"https:\/\/lolitameski.com\/\"]}]},{\"@type\":\"BreadcrumbList\",\"@id\":\"https:\/\/lolitameski.com\/#breadcrumb\",\"itemListElement\":[{\"@type\":\"ListItem\",\"position\":1,\"name\":\"Home\",\"item\":\"https:\/\/lolitameski.com\/\"},{\"@type\":\"ListItem\",\"position\":2,\"name\":\"Home\"}]},{\"@type\":\"WebSite\",\"@id\":\"https:\/\/lolitameski.com\/#website\",\"url\":\"https:\/\/lolitameski.com\/\",\"name\":\"Lolita MESKI\",\"description\":\"Cr\u00e9ation Exclusive de Joaillerie\",\"publisher\":{\"@id\":\"https:\/\/lolitameski.com\/#organization\"},\"potentialAction\":[{\"@type\":\"SearchAction\",\"target\":{\"@type\":\"EntryPoint\",\"urlTemplate\":\"https:\/\/lolitameski.com\/?s={search_term_string}\"},\"query-input\":\"required name=search_term_string\"}],\"inLanguage\":\"fr-FR\"},{\"@type\":\"Organization\",\"@id\":\"https:\/\/lolitameski.com\/#organization\",\"name\":\"Lolita MESKI\",\"url\":\"https:\/\/lolitameski.com\/\",\"logo\":{\"@type\":\"ImageObject\",\"inLanguage\":\"fr-FR\",\"@id\":\"https:\/\/lolitameski.com\/#\/schema\/logo\/image\/\",\"url\":\"https:\/\/lolitameski.com\/wp-content\/uploads\/2025\/01\/logo-lolita-meski-214.png\",\"contentUrl\":\"https:\/\/lolitameski.com\/wp-content\/uploads\/2025\/01\/logo-lolita-meski-214.png\",\"width\":214,\"height\":86,\"caption\":\"Lolita MESKI\"},\"image\":{\"@id\":\"https:\/\/lolitameski.com\/#\/schema\/logo\/image\/\"},\"sameAs\":[\"https:\/\/www.facebook.com\/lola.meski\/?locale=fr_FR\",\"https:\/\/www.instagram.com\/lolameski\/?hl=fr\"]}]}<\/script>\n<!-- \/ Yoast SEO Premium plugin. -->","yoast_head_json":{"title":"Lolita Meski cr\u00e9e La collection de joaillerie Giorgina Dea","description":"LOLITA MESKI pr\u00e9sente sa collection de joaillerie Flowers \"Giorgina Dea\", ces pi\u00e8ces uniques et sur mesure allient \u00e9l\u00e9gance et symbolisme.","robots":{"index":"index","follow":"follow","max-snippet":"max-snippet:-1","max-image-preview":"max-image-preview:large","max-video-preview":"max-video-preview:-1"},"canonical":"https:\/\/lolitameski.com\/","og_locale":"fr_FR","og_type":"article","og_title":"Home","og_description":"LOLITA MESKI pr\u00e9sente sa collection de joaillerie Flowers \"Giorgina Dea\", ces pi\u00e8ces uniques et sur mesure allient \u00e9l\u00e9gance et symbolisme.","og_url":"https:\/\/lolitameski.com\/","og_site_name":"Lolita MESKI","article_publisher":"https:\/\/www.facebook.com\/lola.meski\/?locale=fr_FR","article_modified_time":"2026-01-28T11:02:07+00:00","og_image":[{"url":"https:\/\/lolitameski.com\/wp-content\/uploads\/2025\/01\/LOLITA-MESKI-collection-PARIS.jpg"}],"twitter_card":"summary_large_image","twitter_misc":{"Est. reading time":"4 minutes"},"schema":{"@context":"https:\/\/schema.org","@graph":[{"@type":"WebPage","@id":"https:\/\/lolitameski.com\/","url":"https:\/\/lolitameski.com\/","name":"Lolita Meski cr\u00e9e La collection de joaillerie Giorgina Dea","isPartOf":{"@id":"https:\/\/lolitameski.com\/#website"},"datePublished":"2024-07-03T11:44:27+00:00","dateModified":"2026-01-28T11:02:07+00:00","description":"LOLITA MESKI pr\u00e9sente sa collection de joaillerie Flowers \"Giorgina Dea\", ces pi\u00e8ces uniques et sur mesure allient \u00e9l\u00e9gance et symbolisme.","breadcrumb":{"@id":"https:\/\/lolitameski.com\/#breadcrumb"},"inLanguage":"fr-FR","potentialAction":[{"@type":"ReadAction","target":["https:\/\/lolitameski.com\/"]}]},{"@type":"BreadcrumbList","@id":"https:\/\/lolitameski.com\/#breadcrumb","itemListElement":[{"@type":"ListItem","position":1,"name":"Home","item":"https:\/\/lolitameski.com\/"},{"@type":"ListItem","position":2,"name":"Home"}]},{"@type":"WebSite","@id":"https:\/\/lolitameski.com\/#website","url":"https:\/\/lolitameski.com\/","name":"Lolita MESKI","description":"Cr\u00e9ation Exclusive de Joaillerie","publisher":{"@id":"https:\/\/lolitameski.com\/#organization"},"potentialAction":[{"@type":"SearchAction","target":{"@type":"EntryPoint","urlTemplate":"https:\/\/lolitameski.com\/?s={search_term_string}"},"query-input":"required name=search_term_string"}],"inLanguage":"fr-FR"},{"@type":"Organization","@id":"https:\/\/lolitameski.com\/#organization","name":"Lolita MESKI","url":"https:\/\/lolitameski.com\/","logo":{"@type":"ImageObject","inLanguage":"fr-FR","@id":"https:\/\/lolitameski.com\/#\/schema\/logo\/image\/","url":"https:\/\/lolitameski.com\/wp-content\/uploads\/2025\/01\/logo-lolita-meski-214.png","contentUrl":"https:\/\/lolitameski.com\/wp-content\/uploads\/2025\/01\/logo-lolita-meski-214.png","width":214,"height":86,"caption":"Lolita MESKI"},"image":{"@id":"https:\/\/lolitameski.com\/#\/schema\/logo\/image\/"},"sameAs":["https:\/\/www.facebook.com\/lola.meski\/?locale=fr_FR","https:\/\/www.instagram.com\/lolameski\/?hl=fr"]}]}},"_links":{"self":[{"href":"https:\/\/lolitameski.com\/index.php\/wp-json\/wp\/v2\/pages\/182","targetHints":{"allow":["GET"]}}],"collection":[{"href":"https:\/\/lolitameski.com\/index.php\/wp-json\/wp\/v2\/pages"}],"about":[{"href":"https:\/\/lolitameski.com\/index.php\/wp-json\/wp\/v2\/types\/page"}],"author":[{"embeddable":true,"href":"https:\/\/lolitameski.com\/index.php\/wp-json\/wp\/v2\/users\/1"}],"replies":[{"embeddable":true,"href":"https:\/\/lolitameski.com\/index.php\/wp-json\/wp\/v2\/comments?post=182"}],"version-history":[{"count":6,"href":"https:\/\/lolitameski.com\/index.php\/wp-json\/wp\/v2\/pages\/182\/revisions"}],"predecessor-version":[{"id":241,"href":"https:\/\/lolitameski.com\/index.php\/wp-json\/wp\/v2\/pages\/182\/revisions\/241"}],"wp:attachment":[{"href":"https:\/\/lolitameski.com\/index.php\/wp-json\/wp\/v2\/media?parent=182"}],"curies":[{"name":"wp","href":"https:\/\/api.w.org\/{rel}","templated":true}]}}